{"id":5539,"date":"2022-09-02T21:03:14","date_gmt":"2022-09-02T21:03:14","guid":{"rendered":"https:\/\/e-languages.ca\/?page_id=5539"},"modified":"2022-09-08T03:01:09","modified_gmt":"2022-09-08T03:01:09","slug":"landing-page","status":"publish","type":"page","link":"https:\/\/e-languages.ca\/en\/landing-page\/","title":{"rendered":"Landing page"},"content":{"rendered":"\n<div class=\"wp-block-kadence-rowlayout alignnone\"><div id=\"kt-layout-id_14bbd3-a8\" class=\"kt-row-layout-inner kt-row-has-bg kt-layout-id_14bbd3-a8\"><div class=\"kt-row-layout-overlay kt-row-overlay-normal\"><\/div><div class=\"kt-row-column-wrap kt-has-1-columns kt-gutter-default kt-v-gutter-default kt-row-valign-top kt-row-layout-equal kt-tab-layout-inherit kt-m-colapse-left-to-right kt-mobile-layout-row\">\n<div class=\"wp-block-kadence-column inner-column-1 kadence-column_2593b3-24\"><div class=\"kt-inside-inner-col\">\n<div class=\"wp-block-kadence-image kb-image_638c86-7f\"><figure class=\"aligncenter size-full\"><a href=\"https:\/\/e-languages.ca\/wp-content\/uploads\/2022\/08\/e-languages-logotipe.png\" class=\"kb-advanced-image-link\"><img fetchpriority=\"high\" decoding=\"async\" width=\"600\" height=\"233\" src=\"https:\/\/e-languages.ca\/wp-content\/uploads\/2022\/08\/e-languages-logotipe.png\" alt=\"\" class=\"kb-img wp-image-5062\" srcset=\"https:\/\/e-languages.ca\/wp-content\/uploads\/2022\/08\/e-languages-logotipe.png 600w, https:\/\/e-languages.ca\/wp-content\/uploads\/2022\/08\/e-languages-logotipe-300x117.png 300w\" sizes=\"(max-width: 600px) 100vw, 600px\" \/><\/a><\/figure><\/div>\n\n\n\n<p class=\"kt-adv-heading_bb0b1c-bd wp-block-kadence-advancedheading\" data-kb-block=\"kb-adv-heading_bb0b1c-bd\">Porque acelerar tus habilidades de comunicaci\u00f3n es<strong> acelerar tambi\u00e9n tu crecimiento profesional.<\/strong><\/p>\n\n\n\n<p class=\"kt-adv-heading_c5b2f3-d9 wp-block-kadence-advancedheading\" data-kb-block=\"kb-adv-heading_c5b2f3-d9\">Por eso\u2026<\/p>\n<\/div><\/div>\n<\/div><\/div><\/div>\n\n\n\n<div class=\"wp-block-kadence-rowlayout alignnone\"><div id=\"kt-layout-id_761b69-cf\" class=\"kt-row-layout-inner kt-row-has-bg kt-layout-id_761b69-cf\"><div class=\"kt-row-column-wrap kt-has-1-columns kt-gutter-default kt-v-gutter-default kt-row-valign-top kt-row-layout-equal kt-tab-layout-inherit kt-m-colapse-left-to-right kt-mobile-layout-row\">\n<div class=\"wp-block-kadence-column inner-column-1 kadence-column_f3ecf4-92\"><div class=\"kt-inside-inner-col\">\n<h2 class=\"kt-adv-heading_2e32f0-2f wp-block-kadence-advancedheading\" data-kb-block=\"kb-adv-heading_2e32f0-2f\">ESTUDIA INGL\u00c9S<\/h2>\n\n\n\n<p class=\"kt-adv-heading_1b9811-e7 wp-block-kadence-advancedheading\" data-kb-block=\"kb-adv-heading_1b9811-e7\">Porque tu camino a <mark class=\"kt-highlight\">Canad\u00e1 <\/mark>comienza \u00a1aqu\u00ed!<\/p>\n\n\n\n<figure class=\"wp-block-image aligncenter size-full\"><img decoding=\"async\" width=\"588\" height=\"408\" src=\"https:\/\/e-languages.ca\/wp-content\/uploads\/2022\/09\/canadian-people-redounded.png\" alt=\"\" class=\"wp-image-5566\" srcset=\"https:\/\/e-languages.ca\/wp-content\/uploads\/2022\/09\/canadian-people-redounded.png 588w, https:\/\/e-languages.ca\/wp-content\/uploads\/2022\/09\/canadian-people-redounded-300x208.png 300w, https:\/\/e-languages.ca\/wp-content\/uploads\/2022\/09\/canadian-people-redounded-64x44.png 64w\" sizes=\"(max-width: 588px) 100vw, 588px\" \/><\/figure>\n\n\n\n<p class=\"kt-adv-heading_6ba7d0-47 wp-block-kadence-advancedheading\" data-kb-block=\"kb-adv-heading_6ba7d0-47\">En E-languages Canad\u00e1<\/p>\n\n\n\n<p class=\"kt-adv-heading_65ff48-1e wp-block-kadence-advancedheading\" data-kb-block=\"kb-adv-heading_65ff48-1e\">\u00a1tenemos 12 a\u00f1os ense\u00f1ando ingl\u00e9s!<\/p>\n\n\n\n<p class=\"kt-adv-heading_5d4313-d7 wp-block-kadence-advancedheading\" data-kb-block=\"kb-adv-heading_5d4313-d7\">y por eso <mark class=\"kt-highlight\"><strong>queremos que te unas a nuestro pr\u00f3ximo<\/strong><\/mark><\/p>\n\n\n\n<div class=\"wp-block-kadence-image kb-image_5c3319-0d\"><figure class=\"aligncenter size-full\"><a href=\"https:\/\/e-languages.ca\/wp-content\/uploads\/2022\/09\/logo-challenge.png\" class=\"kb-advanced-image-link\"><img decoding=\"async\" width=\"700\" height=\"367\" src=\"https:\/\/e-languages.ca\/wp-content\/uploads\/2022\/09\/logo-challenge.png\" alt=\"\" class=\"kb-img wp-image-5545\" srcset=\"https:\/\/e-languages.ca\/wp-content\/uploads\/2022\/09\/logo-challenge.png 700w, https:\/\/e-languages.ca\/wp-content\/uploads\/2022\/09\/logo-challenge-300x157.png 300w, https:\/\/e-languages.ca\/wp-content\/uploads\/2022\/09\/logo-challenge-600x315.png 600w, https:\/\/e-languages.ca\/wp-content\/uploads\/2022\/09\/logo-challenge-64x34.png 64w\" sizes=\"(max-width: 700px) 100vw, 700px\" \/><\/a><\/figure><\/div>\n\n\n\n<p class=\"kt-adv-heading_81b3c2-c2 wp-block-kadence-advancedheading\" data-kb-block=\"kb-adv-heading_81b3c2-c2\">EVENTO ONLINE Y GRATUITO<\/p>\n\n\n\n<p class=\"kt-adv-heading_ff5b1a-00 wp-block-kadence-advancedheading\" data-kb-block=\"kb-adv-heading_ff5b1a-00\">Del 15 al 18 de agosto 2022<\/p>\n\n\n\n<p class=\"kt-adv-heading_7f978d-3c wp-block-kadence-advancedheading\" data-kb-block=\"kb-adv-heading_7f978d-3c\">Durante estos <mark class=\"kt-highlight\">4 d\u00edas<\/mark> descubrir\u00e1s el m\u00e9todo inmersivo que te ayudar\u00e1 a detectar tu nivel de ingl\u00e9s en las habilidades de:<\/p>\n\n\n\n<p class=\"kt-adv-heading_0741cf-70 wp-block-kadence-advancedheading\" data-kb-block=\"kb-adv-heading_0741cf-70\">Reading * Writing * Listening * Speaking<\/p>\n<\/div><\/div>\n<\/div><\/div><\/div>\n\n\n\n<div class=\"wp-block-kadence-rowlayout alignnone\"><div id=\"kt-layout-id_c89fd0-11\" class=\"kt-row-layout-inner kt-layout-id_c89fd0-11\"><div class=\"kt-row-column-wrap kt-has-1-columns kt-gutter-default kt-v-gutter-default kt-row-valign-top kt-row-layout-equal kt-tab-layout-inherit kt-m-colapse-left-to-right kt-mobile-layout-row\">\n<div class=\"wp-block-kadence-column inner-column-1 kadence-column_670ebe-e2\"><div class=\"kt-inside-inner-col\">\n<p class=\"kt-adv-heading_45edf3-78 wp-block-kadence-advancedheading\" data-kb-block=\"kb-adv-heading_45edf3-78\">Y no importa si comienzas de cero o ya dominas un poco el idioma<\/p>\n\n\n\n<p class=\"kt-adv-heading_b725c0-5c wp-block-kadence-advancedheading\" data-kb-block=\"kb-adv-heading_b725c0-5c\">En E-languages sabemos como mejorar estas habilidades de manera \u00a1clara, flu\u00edda e intensiva!<\/p>\n\n\n\n<p class=\"kt-adv-heading_870a77-15 wp-block-kadence-advancedheading\" data-kb-block=\"kb-adv-heading_870a77-15\">As\u00ed que este es el momento de que comiences a planear tu futuro y si lo quieres, <strong>tu camino con rumbo a \u00a1Canad\u00e1!<\/strong><\/p>\n<\/div><\/div>\n<\/div><\/div><\/div>\n\n\n\n<div class=\"wp-block-kadence-rowlayout alignnone\"><div id=\"kt-layout-id_fee75c-6b\" class=\"kt-row-layout-inner kt-row-has-bg kt-layout-id_fee75c-6b\"><div class=\"kt-row-layout-overlay kt-row-overlay-normal\"><\/div><div class=\"kt-row-column-wrap kt-has-1-columns kt-gutter-default kt-v-gutter-default kt-row-valign-top kt-row-layout-equal kt-tab-layout-inherit kt-m-colapse-left-to-right kt-mobile-layout-row\">\n<div class=\"wp-block-kadence-column inner-column-1 kadence-column_8f4e3c-52\"><div class=\"kt-inside-inner-col\">\n<p class=\"kt-adv-heading_a998c0-34 wp-block-kadence-advancedheading\" data-kb-block=\"kb-adv-heading_a998c0-34\">El evento va a comenzar en<\/p>\n\n\n\n<div class=\"wp-block-kadence-countdown kb-countdown-container kb-countdown-container-_32cebb-ae kb-countdown-timer-layout-block kb-countdown-has-timer kb-countdown-reveal-on-load kb-countdown-align-center\" data-id=\"_32cebb-ae\">\n<div class=\"wp-block-kadence-countdown-timer kb-countdown-timer-_00a5d3-b6 kb-countdown-timer\"><div class=\"kb-countdown-item kb-countdown-date-item\"><span class=\"kb-countdown-number\">\u00a0<\/span><span class=\"kb-countdown-label\">\u00a0<\/span><\/div><\/div>\n<\/div>\n\n\n\n<iframe width=\"540\" height=\"310\" src=\"https:\/\/9c8a48d8.sibforms.com\/serve\/MUIEAPC2D9LHRNMr015UGRXWBJgeprPZ9Pz_-EiSwyzLf80lxTwl2QWPyLOg-9ZQTuLZI9aog0RmNiFsoaHRZIhe7PeiQ-WKT6q1P1i3Tmw4G2a3v-M45NO6ixZiRJdb3SNsb0atuLtpj9b3avOYhdoJFybMzxstyeHijWOltKVXzBe80UosUSeGVoctDEk-ePyF9Xm-gCvQ4sin\" frameborder=\"0\" scrolling=\"auto\" allowfullscreen style=\"display: block;margin-left: auto;margin-right: auto;max-width: 100%;\"><\/iframe>\n\n\n\n<p class=\"kt-adv-heading_d03f62-0c wp-block-kadence-advancedheading\" data-kb-block=\"kb-adv-heading_d03f62-0c\">Del 15 al 17 de Agosto de 2022 de 7PM a 9PM CDMX<\/p>\n\n\n\n<p class=\"kt-adv-heading_5af352-94 wp-block-kadence-advancedheading\" data-kb-block=\"kb-adv-heading_5af352-94\">Inscr\u00edbete al Challenge 4 d\u00edas y obt\u00e9n el <strong>TEST EXCLUSIVO<\/strong> que revelar\u00e1 con exactitud tu nivel de ingl\u00e9s y que te ayudar\u00e1 en tu aprendizaje si estas iniciando.<\/p>\n\n\n\n<p class=\"kt-adv-heading_abc99d-bf wp-block-kadence-advancedheading\" data-kb-block=\"kb-adv-heading_abc99d-bf\">Este sitio no est\u00e1 afiliado a Facebook ni a niguna entidad de Facebook. Despu\u00e9s de salir de Facebook, la responsabilidad no es de ellos, sino de nuestro sitio web. Hacemos todo lo posible para indicar y mostrar claramente todas las pruebas del producto y utilizar resultados reales. No vendemos su correo electr\u00f3nico ni niguna informaci\u00f3n a terceros. Nunca hacemos ning\u00fan tipo de spam. Si tiene alguna pregunta, no dude en utilizar el enlace de contacto y hablar con nosotros durante el horario comercial de lunes a viernes de 9:00 A.M. a 18:00 P.M. Leemos y respondemos todos los mensajes por orden de llegada. Copyright 2022 E-Languages Canada Todos los derechos reservados.<\/p>\n<\/div><\/div>\n<\/div><\/div><\/div>\n\n\n\n<div class=\"wp-block-kadence-rowlayout alignnone\"><div id=\"kt-layout-id_324b20-f5\" class=\"kt-row-layout-inner kt-row-has-bg kt-layout-id_324b20-f5\"><div class=\"kt-row-column-wrap kt-has-1-columns kt-gutter-default kt-v-gutter-default kt-row-valign-top kt-row-layout-equal kt-tab-layout-inherit kt-m-colapse-left-to-right kt-mobile-layout-row\">\n<div class=\"wp-block-kadence-column inner-column-1 kadence-column_d99c36-a9\"><div class=\"kt-inside-inner-col\">\n<p class=\"kt-adv-heading_d0713d-5e wp-block-kadence-advancedheading\" data-kb-block=\"kb-adv-heading_d0713d-5e\">\u00a1ESPERA!<\/p>\n\n\n\n<p class=\"kt-adv-heading_dd595c-98 wp-block-kadence-advancedheading\" data-kb-block=\"kb-adv-heading_dd595c-98\">NO CIERRES ESTA P\u00c1GINA<\/p>\n\n\n\n<p class=\"kt-adv-heading_f31a58-77 wp-block-kadence-advancedheading\" data-kb-block=\"kb-adv-heading_f31a58-77\">EL EVENTO VA A COMENZAR EN<\/p>\n\n\n\n<div class=\"wp-block-kadence-countdown kb-countdown-container kb-countdown-container-_c7a7cd-53 kb-countdown-timer-layout-block kb-countdown-has-timer kb-countdown-reveal-on-load kb-countdown-align-center\" data-id=\"_c7a7cd-53\">\n<div class=\"wp-block-kadence-countdown-timer kb-countdown-timer-_b5fe01-1c kb-countdown-timer\"><div class=\"kb-countdown-item kb-countdown-date-item\"><span class=\"kb-countdown-number\">\u00a0<\/span><span class=\"kb-countdown-label\">\u00a0<\/span><\/div><\/div>\n<\/div>\n\n\n\n<p class=\"kt-adv-heading_d236b2-1c wp-block-kadence-advancedheading\" data-kb-block=\"kb-adv-heading_d236b2-1c\">Ahora que ya te registraste aseg\u00farate de ingresar a nuestra comunidad en<\/p>\n\n\n\n<div id=\"kt-info-box_1b6244-e4\" class=\"wp-block-kadence-infobox\"><a class=\"kt-blocks-info-box-link-wrap info-box-link kt-blocks-info-box-media-align-top kt-info-halign-center\"><div class=\"kt-blocks-info-box-media-container\"><div class=\"kt-blocks-info-box-media kt-info-media-animate-none\"><div class=\"kadence-info-box-image-inner-intrisic-container\"><div class=\"kadence-info-box-image-intrisic kt-info-animate-none\"><div class=\"kadence-info-box-image-inner-intrisic\"><img loading=\"lazy\" decoding=\"async\" src=\"https:\/\/e-languages.ca\/wp-content\/uploads\/2022\/09\/telegram.png\" alt=\"\" width=\"128\" height=\"128\" class=\"kt-info-box-image wp-image-5617\" srcset=\"https:\/\/e-languages.ca\/wp-content\/uploads\/2022\/09\/telegram.png 128w, https:\/\/e-languages.ca\/wp-content\/uploads\/2022\/09\/telegram-100x100.png 100w, https:\/\/e-languages.ca\/wp-content\/uploads\/2022\/09\/telegram-64x64.png 64w\" sizes=\"(max-width: 128px) 100vw, 128px\" \/><\/div><\/div><\/div><\/div><\/div><div class=\"kt-infobox-textcontent\"><h3 class=\"kt-blocks-info-box-title\">Telegram<\/h3><\/div><\/a><\/div>\n\n\n\n<p class=\"kt-adv-heading_0f1e61-c8 wp-block-kadence-advancedheading\" data-kb-block=\"kb-adv-heading_0f1e61-c8\">En donde te enviaremos informaci\u00f3n importante previo al<\/p>\n<\/div><\/div>\n<\/div><\/div><\/div>\n\n\n\n<div class=\"wp-block-kadence-rowlayout alignnone\"><div id=\"kt-layout-id_3c0ae6-92\" class=\"kt-row-layout-inner kt-layout-id_3c0ae6-92\"><div class=\"kt-row-column-wrap kt-has-1-columns kt-gutter-default kt-v-gutter-default kt-row-valign-top kt-row-layout-equal kt-tab-layout-inherit kt-m-colapse-left-to-right kt-mobile-layout-row\">\n<div class=\"wp-block-kadence-column inner-column-1 kadence-column_31ade0-5e\"><div class=\"kt-inside-inner-col\">\n<div class=\"wp-block-kadence-image kb-image_5f0c64-ff\"><figure class=\"aligncenter size-full\"><a href=\"https:\/\/e-languages.ca\/wp-content\/uploads\/2022\/09\/logo-challenge.png\" class=\"kb-advanced-image-link\"><img decoding=\"async\" width=\"700\" height=\"367\" src=\"https:\/\/e-languages.ca\/wp-content\/uploads\/2022\/09\/logo-challenge.png\" alt=\"\" class=\"kb-img wp-image-5545\" srcset=\"https:\/\/e-languages.ca\/wp-content\/uploads\/2022\/09\/logo-challenge.png 700w, https:\/\/e-languages.ca\/wp-content\/uploads\/2022\/09\/logo-challenge-300x157.png 300w, https:\/\/e-languages.ca\/wp-content\/uploads\/2022\/09\/logo-challenge-600x315.png 600w, https:\/\/e-languages.ca\/wp-content\/uploads\/2022\/09\/logo-challenge-64x34.png 64w\" sizes=\"(max-width: 700px) 100vw, 700px\" \/><\/a><\/figure><\/div>\n\n\n\n<p class=\"kt-adv-heading_fd8efe-75 wp-block-kadence-advancedheading\" data-kb-block=\"kb-adv-heading_fd8efe-75\">Evento online y gratuito<\/p>\n\n\n\n<p class=\"kt-adv-heading_62ac50-a3 wp-block-kadence-advancedheading\" data-kb-block=\"kb-adv-heading_62ac50-a3\">Del 15 al 18 de agosto 2022<\/p>\n\n\n\n<p class=\"kt-adv-heading_8f9773-1f wp-block-kadence-advancedheading\" data-kb-block=\"kb-adv-heading_8f9773-1f\">\u00a1Nos vemos pronto!<\/p>\n<\/div><\/div>\n<\/div><\/div><\/div>\n\n\n\n<div class=\"wp-block-kadence-rowlayout alignnone\"><div id=\"kt-layout-id_6eb149-29\" class=\"kt-row-layout-inner kt-row-has-bg kt-layout-id_6eb149-29\"><div class=\"kt-row-layout-overlay kt-row-overlay-normal\"><\/div><div class=\"kt-row-column-wrap kt-has-1-columns kt-gutter-default kt-v-gutter-default kt-row-valign-top kt-row-layout-equal kt-tab-layout-inherit kt-m-colapse-left-to-right kt-mobile-layout-row\">\n<div class=\"wp-block-kadence-column inner-column-1 kadence-column_9882e9-e6\"><div class=\"kt-inside-inner-col\">\n<div class=\"wp-block-kadence-image kb-image_edaaea-3b\"><figure class=\"aligncenter size-full\"><a href=\"https:\/\/e-languages.ca\/wp-content\/uploads\/2022\/08\/e-languages-logotipe.png\" class=\"kb-advanced-image-link\"><img fetchpriority=\"high\" decoding=\"async\" width=\"600\" height=\"233\" src=\"https:\/\/e-languages.ca\/wp-content\/uploads\/2022\/08\/e-languages-logotipe.png\" alt=\"\" class=\"kb-img wp-image-5062\" srcset=\"https:\/\/e-languages.ca\/wp-content\/uploads\/2022\/08\/e-languages-logotipe.png 600w, https:\/\/e-languages.ca\/wp-content\/uploads\/2022\/08\/e-languages-logotipe-300x117.png 300w\" sizes=\"(max-width: 600px) 100vw, 600px\" \/><\/a><\/figure><\/div>\n\n\n\n<p class=\"kt-adv-heading_9ce1e4-b2 wp-block-kadence-advancedheading\" data-kb-block=\"kb-adv-heading_9ce1e4-b2\">Este sitio no est\u00e1 afiliado a Facebook ni a niguna entidad de Facebook. Despu\u00e9s de salir de Facebook, la responsabilidad no es de ellos, sino de nuestro sitio web. Hacemos todo lo posible para indicar y mostrar claramente todas las pruebas del producto y utilizar resultados reales. No vendemos su correo electr\u00f3nico ni niguna informaci\u00f3n a terceros. Nunca hacemos ning\u00fan tipo de spam. Si tiene alguna pregunta, no dude en utilizar el enlace de contacto y hablar con nosotros durante el horario comercial de lunes a viernes de 9:00 A.M. a 18:00 P.M. Leemos y respondemos todos los mensajes por orden de llegada. <\/p>\n\n\n\n<p class=\"kt-adv-heading_ab161e-74 wp-block-kadence-advancedheading\" data-kb-block=\"kb-adv-heading_ab161e-74\">Copyright 2022 E-Languages Canada. <\/p>\n\n\n\n<p class=\"kt-adv-heading_fbd812-01 wp-block-kadence-advancedheading\" data-kb-block=\"kb-adv-heading_fbd812-01\">Todos los derechos reservados.<\/p>\n<\/div><\/div>\n<\/div><\/div><\/div>\n","protected":false},"excerpt":{"rendered":"","protected":false},"author":60,"featured_media":0,"parent":0,"menu_order":0,"comment_status":"closed","ping_status":"closed","template":"","meta":{"footnotes":""},"class_list":["post-5539","page","type-page","status-publish","hentry"],"_links":{"self":[{"href":"https:\/\/e-languages.ca\/en\/wp-json\/wp\/v2\/pages\/5539","targetHints":{"allow":["GET"]}}],"collection":[{"href":"https:\/\/e-languages.ca\/en\/wp-json\/wp\/v2\/pages"}],"about":[{"href":"https:\/\/e-languages.ca\/en\/wp-json\/wp\/v2\/types\/page"}],"author":[{"embeddable":true,"href":"https:\/\/e-languages.ca\/en\/wp-json\/wp\/v2\/users\/60"}],"replies":[{"embeddable":true,"href":"https:\/\/e-languages.ca\/en\/wp-json\/wp\/v2\/comments?post=5539"}],"version-history":[{"count":97,"href":"https:\/\/e-languages.ca\/en\/wp-json\/wp\/v2\/pages\/5539\/revisions"}],"predecessor-version":[{"id":6152,"href":"https:\/\/e-languages.ca\/en\/wp-json\/wp\/v2\/pages\/5539\/revisions\/6152"}],"wp:attachment":[{"href":"https:\/\/e-languages.ca\/en\/wp-json\/wp\/v2\/media?parent=5539"}],"curies":[{"name":"wp","href":"https:\/\/api.w.org\/{rel}","templated":true}]}}