{"id":6151,"date":"2023-09-27T21:03:26","date_gmt":"2023-09-27T21:03:26","guid":{"rendered":"https:\/\/e-languages.ca\/?page_id=6151"},"modified":"2023-10-03T17:36:20","modified_gmt":"2023-10-03T17:36:20","slug":"aprede-ingles-durante-30-dias-gratis","status":"publish","type":"page","link":"https:\/\/e-languages.ca\/en\/aprede-ingles-durante-30-dias-gratis\/","title":{"rendered":"Aprende ingl\u00e9s durante 30 d\u00edas gratis"},"content":{"rendered":"\n\n<div class=\"wp-block-kadence-column kadence-column6151_be02fb-a3\"><div class=\"kt-inside-inner-col\">\n<h2 class=\"kt-adv-heading6151_a6ed6d-a0 wp-block-kadence-advancedheading\" data-kb-block=\"kb-adv-heading6151_a6ed6d-a0\">Aprende ingl\u00e9s desde la comodidad de tu casa durante 30 d\u00edas GRATIS y sin introducir tarjeta de cr\u00e9dito<\/h2>\n<\/div><\/div>\n\n\n\n\n\n<div class=\"wp-block-kadence-column kadence-column6151_4e764c-77 inner-column-1\"><div class=\"kt-inside-inner-col\">\n<h2 class=\"kt-adv-heading6151_b6c92e-f7 wp-block-kadence-advancedheading\" data-kb-block=\"kb-adv-heading6151_b6c92e-f7\">Aprende ingl\u00e9s con profesores canadienses: <\/h2>\n\n\n\n<h2 class=\"kt-adv-heading6151_c6cb2a-5c wp-block-kadence-advancedheading has-theme-palette-2-color has-text-color\" data-kb-block=\"kb-adv-heading6151_c6cb2a-5c\">30 d\u00edas GRATIS y sin introducir tarjeta de cr\u00e9dito<\/h2>\n\n\n\n<h2 class=\"kt-adv-heading6151_095566-27 wp-block-kadence-advancedheading\" data-kb-block=\"kb-adv-heading6151_095566-27\">Aprender ingl\u00e9s ya no es un desaf\u00edo. Con E-Languages, sum\u00e9rgete en aut\u00e9nticas lecciones con profesores canadienses. No pierdas esta oportunidad \u00fanica de obtener acceso completo por 30 d\u00edas sin coste y cero compromisos.<\/h2>\n\n\n\n<div class=\"wp-block-kadence-advancedbtn kb-buttons-wrap kb-btns6151_f41309-d5\"><\/div>\n<\/div><\/div>\n\n\n\n<div class=\"wp-block-kadence-column kadence-column6151_db90c6-17 inner-column-2\"><div class=\"kt-inside-inner-col\">\n<figure class=\"wp-block-kadence-image kb-image6151_8fe844-fc size-large kb-image-is-ratio-size\"><div class=\"kb-is-ratio-image kb-image-ratio-land169\"><img decoding=\"async\" src=\"https:\/\/business.e-languages.ca\/wp-content\/uploads\/2022\/10\/top-hero-home-elanguages-business-1024x683.jpg\" alt=\"\" class=\"kb-img wp-image-156\"\/><\/div><\/figure>\n<\/div><\/div>\n\n\n\n\n\n<div class=\"wp-block-kadence-column kadence-column6151_5de87a-80\"><div class=\"kt-inside-inner-col\">\n<h2 class=\"kt-adv-heading6151_d9e77b-ab wp-block-kadence-advancedheading has-theme-palette-3-color has-text-color\" data-kb-block=\"kb-adv-heading6151_d9e77b-ab\">Aqu\u00ed comienza tu viaje de aprendizaje, elige el curso que mejor se adecue a tu nivel de ingl\u00e9s<\/h2>\n\n\n\n\n<div class=\"wp-block-kadence-column kadence-column6151_92caa2-31\"><div class=\"kt-inside-inner-col\">\n<figure class=\"wp-block-kadence-image kb-image6151_f49557-5a size-full kb-image-is-ratio-size\"><a href=\"https:\/\/e-languages.ca\/wp-content\/uploads\/2023\/09\/person-writing-on-notebook.jpeg\" class=\"kb-advanced-image-link\"><div class=\"kb-is-ratio-image kb-image-ratio-square\"><img fetchpriority=\"high\" decoding=\"async\" width=\"2048\" height=\"1367\" src=\"https:\/\/e-languages.ca\/wp-content\/uploads\/2023\/09\/person-writing-on-notebook.jpeg\" alt=\"Person Writing on Notebook\" class=\"kb-img wp-image-6159\" srcset=\"https:\/\/e-languages.ca\/wp-content\/uploads\/2023\/09\/person-writing-on-notebook.jpeg 2048w, https:\/\/e-languages.ca\/wp-content\/uploads\/2023\/09\/person-writing-on-notebook-300x200.jpeg 300w, https:\/\/e-languages.ca\/wp-content\/uploads\/2023\/09\/person-writing-on-notebook-1024x684.jpeg 1024w, https:\/\/e-languages.ca\/wp-content\/uploads\/2023\/09\/person-writing-on-notebook-768x513.jpeg 768w, https:\/\/e-languages.ca\/wp-content\/uploads\/2023\/09\/person-writing-on-notebook-1536x1025.jpeg 1536w, https:\/\/e-languages.ca\/wp-content\/uploads\/2023\/09\/person-writing-on-notebook-18x12.jpeg 18w, https:\/\/e-languages.ca\/wp-content\/uploads\/2023\/09\/person-writing-on-notebook-600x400.jpeg 600w, https:\/\/e-languages.ca\/wp-content\/uploads\/2023\/09\/person-writing-on-notebook-64x43.jpeg 64w\" sizes=\"(max-width: 2048px) 100vw, 2048px\" \/><\/div><\/a><\/figure>\n<\/div><\/div>\n\n\n\n<div class=\"wp-block-kadence-column kadence-column6151_1c501b-d3\"><div class=\"kt-inside-inner-col\">\n<h3 class=\"kt-adv-heading6151_46315b-2c wp-block-kadence-advancedheading has-theme-palette-2-color has-text-color\" data-kb-block=\"kb-adv-heading6151_46315b-2c\">Interactive E-Language 1<\/h3>\n\n\n\n<p class=\"kt-adv-heading6151_d34610-a5 wp-block-kadence-advancedheading\" data-kb-block=\"kb-adv-heading6151_d34610-a5\">Con nuestro programa, demostrar\u00e1s la capacidad de expresar ideas en contextos familiares m\u00e1s sencillos con facilidad. Escribir\u00e1s mensajes breves y completar\u00e1s formularios simplificados sin dificultad, evitando errores gramaticales, de dicci\u00f3n, ortogr\u00e1ficos y de lenguaje.&nbsp;<\/p>\n\n\n\n<p class=\"kt-adv-heading6151_08cdad-58 wp-block-kadence-advancedheading\" data-kb-block=\"kb-adv-heading6151_08cdad-58\">Ver\u00e1s c\u00f3mo disminuyen las repeticiones para comprender sonidos, palabras y frases, y utilizar\u00e1s frases sencillas tanto en tu expresi\u00f3n escrita como oral. Prep\u00e1rate para un futuro donde tu dominio del idioma ser\u00e1 a\u00fan m\u00e1s s\u00f3lido.<\/p>\n\n\n\n<div class=\"wp-block-kadence-advancedbtn kb-buttons-wrap kb-btns6151_7a67f5-2f\"><\/div>\n<\/div><\/div>\n\n\n\n\n\n<div class=\"wp-block-kadence-column kadence-column6151_182440-58\"><div class=\"kt-inside-inner-col\">\n<figure class=\"wp-block-kadence-image kb-image6151_f91729-af size-full kb-image-is-ratio-size\"><a href=\"https:\/\/e-languages.ca\/wp-content\/uploads\/2023\/09\/person-writing-on-notebook.jpeg\" class=\"kb-advanced-image-link\"><div class=\"kb-is-ratio-image kb-image-ratio-square\"><img fetchpriority=\"high\" decoding=\"async\" width=\"2048\" height=\"1367\" src=\"https:\/\/e-languages.ca\/wp-content\/uploads\/2023\/09\/person-writing-on-notebook.jpeg\" alt=\"Person Writing on Notebook\" class=\"kb-img wp-image-6159\" srcset=\"https:\/\/e-languages.ca\/wp-content\/uploads\/2023\/09\/person-writing-on-notebook.jpeg 2048w, https:\/\/e-languages.ca\/wp-content\/uploads\/2023\/09\/person-writing-on-notebook-300x200.jpeg 300w, https:\/\/e-languages.ca\/wp-content\/uploads\/2023\/09\/person-writing-on-notebook-1024x684.jpeg 1024w, https:\/\/e-languages.ca\/wp-content\/uploads\/2023\/09\/person-writing-on-notebook-768x513.jpeg 768w, https:\/\/e-languages.ca\/wp-content\/uploads\/2023\/09\/person-writing-on-notebook-1536x1025.jpeg 1536w, https:\/\/e-languages.ca\/wp-content\/uploads\/2023\/09\/person-writing-on-notebook-18x12.jpeg 18w, https:\/\/e-languages.ca\/wp-content\/uploads\/2023\/09\/person-writing-on-notebook-600x400.jpeg 600w, https:\/\/e-languages.ca\/wp-content\/uploads\/2023\/09\/person-writing-on-notebook-64x43.jpeg 64w\" sizes=\"(max-width: 2048px) 100vw, 2048px\" \/><\/div><\/a><\/figure>\n<\/div><\/div>\n\n\n\n<div class=\"wp-block-kadence-column kadence-column6151_cda857-b2\"><div class=\"kt-inside-inner-col\">\n<h3 class=\"kt-adv-heading6151_23a79d-24 wp-block-kadence-advancedheading has-theme-palette-2-color has-text-color\" data-kb-block=\"kb-adv-heading6151_23a79d-24\">Interactive E-Language 2<\/h3>\n\n\n\n<p class=\"kt-adv-heading6151_60afce-af wp-block-kadence-advancedheading\" data-kb-block=\"kb-adv-heading6151_60afce-af\">Junto con la realizaci\u00f3n de 2 tareas a nivel b\u00e1sico, demostrar\u00e1s una creciente habilidad para comunicarte con frases y tiempos verbales que te permitir\u00e1n describir y narrar acontecimientos en el contexto de tu experiencia personal de manera fluida.&nbsp;<\/p>\n\n\n\n<p class=\"kt-adv-heading6151_0c499b-8b wp-block-kadence-advancedheading\" data-kb-block=\"kb-adv-heading6151_0c499b-8b\">Utilizar\u00e1s frases sencillas y coordinadas de forma natural. Ser\u00e1s capaz de mantener intercambios sencillos, comprender con facilidad y proporcionar retroalimentaci\u00f3n, disminuyendo gradualmente los errores de expresi\u00f3n en tu comunicaci\u00f3n.<\/p>\n\n\n\n<div class=\"wp-block-kadence-advancedbtn kb-buttons-wrap kb-btns6151_80cc48-20\"><\/div>\n<\/div><\/div>\n\n\n\n\n\n<div class=\"wp-block-kadence-column kadence-column6151_04aa68-77\"><div class=\"kt-inside-inner-col\">\n<figure class=\"wp-block-kadence-image kb-image6151_d68515-67 size-full kb-image-is-ratio-size\"><a href=\"https:\/\/e-languages.ca\/wp-content\/uploads\/2023\/09\/person-writing-on-notebook.jpeg\" class=\"kb-advanced-image-link\"><div class=\"kb-is-ratio-image kb-image-ratio-square\"><img fetchpriority=\"high\" decoding=\"async\" width=\"2048\" height=\"1367\" src=\"https:\/\/e-languages.ca\/wp-content\/uploads\/2023\/09\/person-writing-on-notebook.jpeg\" alt=\"Person Writing on Notebook\" class=\"kb-img wp-image-6159\" srcset=\"https:\/\/e-languages.ca\/wp-content\/uploads\/2023\/09\/person-writing-on-notebook.jpeg 2048w, https:\/\/e-languages.ca\/wp-content\/uploads\/2023\/09\/person-writing-on-notebook-300x200.jpeg 300w, https:\/\/e-languages.ca\/wp-content\/uploads\/2023\/09\/person-writing-on-notebook-1024x684.jpeg 1024w, https:\/\/e-languages.ca\/wp-content\/uploads\/2023\/09\/person-writing-on-notebook-768x513.jpeg 768w, https:\/\/e-languages.ca\/wp-content\/uploads\/2023\/09\/person-writing-on-notebook-1536x1025.jpeg 1536w, https:\/\/e-languages.ca\/wp-content\/uploads\/2023\/09\/person-writing-on-notebook-18x12.jpeg 18w, https:\/\/e-languages.ca\/wp-content\/uploads\/2023\/09\/person-writing-on-notebook-600x400.jpeg 600w, https:\/\/e-languages.ca\/wp-content\/uploads\/2023\/09\/person-writing-on-notebook-64x43.jpeg 64w\" sizes=\"(max-width: 2048px) 100vw, 2048px\" \/><\/div><\/a><\/figure>\n<\/div><\/div>\n\n\n\n<div class=\"wp-block-kadence-column kadence-column6151_4535ee-f4\"><div class=\"kt-inside-inner-col\">\n<h3 class=\"kt-adv-heading6151_661c33-26 wp-block-kadence-advancedheading has-theme-palette-2-color has-text-color\" data-kb-block=\"kb-adv-heading6151_661c33-26\">Interactive E-Language 3<\/h3>\n\n\n\n<p class=\"kt-adv-heading6151_9fc6ca-a9 wp-block-kadence-advancedheading\" data-kb-block=\"kb-adv-heading6151_9fc6ca-a9\">Desarrollar\u00e1s habilidades rudimentarias de expresi\u00f3n y comprensi\u00f3n que te permitir\u00e1n escribir, hablar y entender informaci\u00f3n cada vez m\u00e1s compleja. A medida que avanzas, superar\u00e1s las dificultades con frases y expresiones complejas.&nbsp;<\/p>\n\n\n\n<p class=\"kt-adv-heading6151_71435f-ee wp-block-kadence-advancedheading\" data-kb-block=\"kb-adv-heading6151_71435f-ee\">En un futuro cercano, estar\u00e1s en condiciones de comunicarte de manera efectiva en situaciones m\u00e1s desafiantes, expresando tus ideas de manera clara y comprendiendo informaci\u00f3n detallada con facilidad.<\/p>\n\n\n\n<div class=\"wp-block-kadence-advancedbtn kb-buttons-wrap kb-btns6151_f61224-8c\"><\/div>\n<\/div><\/div>\n\n\n\n\n\n<div class=\"wp-block-kadence-column kadence-column6151_4e8473-0c\"><div class=\"kt-inside-inner-col\">\n<figure class=\"wp-block-kadence-image kb-image6151_698af3-b7 size-full kb-image-is-ratio-size\"><a href=\"https:\/\/e-languages.ca\/wp-content\/uploads\/2023\/09\/person-writing-on-notebook.jpeg\" class=\"kb-advanced-image-link\"><div class=\"kb-is-ratio-image kb-image-ratio-square\"><img fetchpriority=\"high\" decoding=\"async\" width=\"2048\" height=\"1367\" src=\"https:\/\/e-languages.ca\/wp-content\/uploads\/2023\/09\/person-writing-on-notebook.jpeg\" alt=\"Person Writing on Notebook\" class=\"kb-img wp-image-6159\" srcset=\"https:\/\/e-languages.ca\/wp-content\/uploads\/2023\/09\/person-writing-on-notebook.jpeg 2048w, https:\/\/e-languages.ca\/wp-content\/uploads\/2023\/09\/person-writing-on-notebook-300x200.jpeg 300w, https:\/\/e-languages.ca\/wp-content\/uploads\/2023\/09\/person-writing-on-notebook-1024x684.jpeg 1024w, https:\/\/e-languages.ca\/wp-content\/uploads\/2023\/09\/person-writing-on-notebook-768x513.jpeg 768w, https:\/\/e-languages.ca\/wp-content\/uploads\/2023\/09\/person-writing-on-notebook-1536x1025.jpeg 1536w, https:\/\/e-languages.ca\/wp-content\/uploads\/2023\/09\/person-writing-on-notebook-18x12.jpeg 18w, https:\/\/e-languages.ca\/wp-content\/uploads\/2023\/09\/person-writing-on-notebook-600x400.jpeg 600w, https:\/\/e-languages.ca\/wp-content\/uploads\/2023\/09\/person-writing-on-notebook-64x43.jpeg 64w\" sizes=\"(max-width: 2048px) 100vw, 2048px\" \/><\/div><\/a><\/figure>\n<\/div><\/div>\n\n\n\n<div class=\"wp-block-kadence-column kadence-column6151_0a99fa-66\"><div class=\"kt-inside-inner-col\">\n<h3 class=\"kt-adv-heading6151_5e78f0-dd wp-block-kadence-advancedheading has-theme-palette-2-color has-text-color\" data-kb-block=\"kb-adv-heading6151_5e78f0-dd\">Interactive E-Language 4<\/h3>\n\n\n\n<p class=\"kt-adv-heading6151_94dc89-01 wp-block-kadence-advancedheading\" data-kb-block=\"kb-adv-heading6151_94dc89-01\">En adici\u00f3n a la realizaci\u00f3n de tres tareas a nivel b\u00e1sico, adquirir\u00e1s un s\u00f3lido dominio en la expresi\u00f3n y comprensi\u00f3n de situaciones moderadamente complejas.&nbsp;<\/p>\n\n\n\n<p class=\"kt-adv-heading6151_80dd6e-87 wp-block-kadence-advancedheading\" data-kb-block=\"kb-adv-heading6151_80dd6e-87\">Con el tiempo, te convertir\u00e1s en un comunicador h\u00e1bil y vers\u00e1til, capaz de desenvolverte con confianza en contextos que requieren un nivel de expresi\u00f3n y comprensi\u00f3n m\u00e1s avanzado.&nbsp;<\/p>\n\n\n\n<p class=\"kt-adv-heading6151_8e030a-45 wp-block-kadence-advancedheading\" data-kb-block=\"kb-adv-heading6151_8e030a-45\">Prep\u00e1rate para abrazar un futuro en el que dominar\u00e1s el arte de la comunicaci\u00f3n en situaciones cada vez m\u00e1s desafiantes.<\/p>\n\n\n\n<div class=\"wp-block-kadence-advancedbtn kb-buttons-wrap kb-btns6151_30de2f-14\"><\/div>\n<\/div><\/div>\n\n<\/div><\/div>\n\n\n\n\n\n<div class=\"wp-block-kadence-column kadence-column6151_cdf8fd-09\"><div class=\"kt-inside-inner-col\">\n<h2 class=\"kt-adv-heading6151_c1540e-3a wp-block-kadence-advancedheading\" data-kb-block=\"kb-adv-heading6151_c1540e-3a\">Aprende ingl\u00e9s con expertos canadienses GRATIS y transforma tu futuro<\/h2>\n\n\n\n<p class=\"kt-adv-heading6151_c639bc-9e wp-block-kadence-advancedheading\" data-kb-block=\"kb-adv-heading6151_c639bc-9e\">Con E-Languages ya no tendr\u00e1s m\u00e1s limitantes para aprender ingl\u00e9s y cumplir tus metas estudiantiles o profesionales. Obt\u00e9n gr\u00e1tis herramientas, recursos y estudia con profesores nativos donde quieras.<\/p>\n<\/div><\/div>\n\n\n\n<div class=\"wp-block-kadence-column kadence-column6151_ee1ba2-b9\"><div class=\"kt-inside-inner-col\"><\/div><\/div>\n\n\n\n\n\n<div class=\"wp-block-kadence-column kadence-column6151_d76a8f-bf\"><div class=\"kt-inside-inner-col\">\n<h2 class=\"kt-adv-heading6151_cf23d3-c8 wp-block-kadence-advancedheading\" data-kb-block=\"kb-adv-heading6151_cf23d3-c8\"><mark style=\"background-color:#d52323\" class=\"has-inline-color\">Esto es lo que obtendr\u00e1s en estos 30 d\u00edas GRATIS<\/mark><\/h2>\n\n\n\n<div class=\"wp-block-kadence-iconlist kt-svg-icon-list-items kt-svg-icon-list-items6151_3b8b68-dc kt-svg-icon-list-columns-1 alignnone\"><ul class=\"kt-svg-icon-list\">\n<li class=\"wp-block-kadence-listitem kt-svg-icon-list-item-wrap kt-svg-icon-list-item-6151_2edac3-8c\"><span data-name=\"USE_PARENT_DEFAULT_ICON\" data-stroke=\"USE_PARENT_DEFAULT_WIDTH\" data-class=\"kt-svg-icon-list-single\" class=\"kadence-dynamic-icon\"><\/span><span class=\"kt-svg-icon-list-text\"><strong>Video lecciones:<\/strong> Nuestras video lecciones, impartidas por profesionales nativos, te sumergir\u00e1n en un aprendizaje aut\u00e9ntico y efectivo del ingl\u00e9s. Domina el idioma viendo y escuchando.<\/span><\/li>\n\n\n\n<li class=\"wp-block-kadence-listitem kt-svg-icon-list-item-wrap kt-svg-icon-list-item-6151_f5f151-22\"><span data-name=\"USE_PARENT_DEFAULT_ICON\" data-stroke=\"USE_PARENT_DEFAULT_WIDTH\" data-class=\"kt-svg-icon-list-single\" class=\"kadence-dynamic-icon\"><\/span><span class=\"kt-svg-icon-list-text\"><strong>Ejercicios autocorregibles:<\/strong> Con nuestros ejercicios autocorregibles, pr\u00e1ctica y mejora constantemente. Obt\u00e9n retroalimentaci\u00f3n instant\u00e1nea y perfecciona tus habilidades en ingl\u00e9s de manera r\u00e1pida y eficiente.<\/span><\/li>\n\n\n\n<li class=\"wp-block-kadence-listitem kt-svg-icon-list-item-wrap kt-svg-icon-list-item-6151_c7721a-4b\"><span data-name=\"USE_PARENT_DEFAULT_ICON\" data-stroke=\"USE_PARENT_DEFAULT_WIDTH\" data-class=\"kt-svg-icon-list-single\" class=\"kadence-dynamic-icon\"><\/span><span class=\"kt-svg-icon-list-text\"><strong>Herramientas adicionales:<\/strong> Nuestras herramientas adicionales potencian tu aprendizaje en ingl\u00e9s. Complementa tus lecciones con recursos exclusivos y acelera tu progreso de manera personalizada.<\/span><\/li>\n\n\n\n<li class=\"wp-block-kadence-listitem kt-svg-icon-list-item-wrap kt-svg-icon-list-item-6151_5e3cc8-04\"><span data-name=\"USE_PARENT_DEFAULT_ICON\" data-stroke=\"USE_PARENT_DEFAULT_WIDTH\" data-class=\"kt-svg-icon-list-single\" class=\"kadence-dynamic-icon\"><\/span><span class=\"kt-svg-icon-list-text\"><strong>Autoaprendizaje:<\/strong> Descubre el poder del autoaprendizaje con E-Languages. Domina el ingl\u00e9s a tu propio ritmo, sin presiones, y transforma tu futuro de manera independiente y efectiva.<\/span><\/li>\n<\/ul><\/div>\n<\/div><\/div>\n\n\n\n<div class=\"wp-block-kadence-column kadence-column6151_522230-ba\"><div class=\"kt-inside-inner-col\">\n<figure class=\"wp-block-kadence-image kb-image6151_51c333-f8 size-large kb-image-is-ratio-size\"><a href=\"https:\/\/e-languages.ca\/wp-content\/uploads\/2023\/09\/person-writing-on-notebook.jpeg\" class=\"kb-advanced-image-link\"><div class=\"kb-is-ratio-image kb-image-ratio-square\"><img decoding=\"async\" width=\"1024\" height=\"684\" src=\"https:\/\/e-languages.ca\/wp-content\/uploads\/2023\/09\/person-writing-on-notebook-1024x684.jpeg\" alt=\"Person Writing on Notebook\" class=\"kb-img wp-image-6159\" srcset=\"https:\/\/e-languages.ca\/wp-content\/uploads\/2023\/09\/person-writing-on-notebook-1024x684.jpeg 1024w, https:\/\/e-languages.ca\/wp-content\/uploads\/2023\/09\/person-writing-on-notebook-300x200.jpeg 300w, https:\/\/e-languages.ca\/wp-content\/uploads\/2023\/09\/person-writing-on-notebook-768x513.jpeg 768w, https:\/\/e-languages.ca\/wp-content\/uploads\/2023\/09\/person-writing-on-notebook-1536x1025.jpeg 1536w, https:\/\/e-languages.ca\/wp-content\/uploads\/2023\/09\/person-writing-on-notebook-18x12.jpeg 18w, https:\/\/e-languages.ca\/wp-content\/uploads\/2023\/09\/person-writing-on-notebook-600x400.jpeg 600w, https:\/\/e-languages.ca\/wp-content\/uploads\/2023\/09\/person-writing-on-notebook-64x43.jpeg 64w, https:\/\/e-languages.ca\/wp-content\/uploads\/2023\/09\/person-writing-on-notebook.jpeg 2048w\" sizes=\"(max-width: 1024px) 100vw, 1024px\" \/><\/div><\/a><\/figure>\n<\/div><\/div>\n\n\n\n\n\n<div class=\"wp-block-kadence-column kadence-column6151_10e3d0-fd\"><div class=\"kt-inside-inner-col\">\n<figure class=\"wp-block-kadence-image kb-image6151_23b492-97 size-large\"><a href=\"https:\/\/e-languages.ca\/wp-content\/uploads\/2023\/09\/person-writing-on-notebook.jpeg\" class=\"kb-advanced-image-link\"><img decoding=\"async\" width=\"1024\" height=\"684\" src=\"https:\/\/e-languages.ca\/wp-content\/uploads\/2023\/09\/person-writing-on-notebook-1024x684.jpeg\" alt=\"Person Writing on Notebook\" class=\"kb-img wp-image-6159\" srcset=\"https:\/\/e-languages.ca\/wp-content\/uploads\/2023\/09\/person-writing-on-notebook-1024x684.jpeg 1024w, https:\/\/e-languages.ca\/wp-content\/uploads\/2023\/09\/person-writing-on-notebook-300x200.jpeg 300w, https:\/\/e-languages.ca\/wp-content\/uploads\/2023\/09\/person-writing-on-notebook-768x513.jpeg 768w, https:\/\/e-languages.ca\/wp-content\/uploads\/2023\/09\/person-writing-on-notebook-1536x1025.jpeg 1536w, https:\/\/e-languages.ca\/wp-content\/uploads\/2023\/09\/person-writing-on-notebook-18x12.jpeg 18w, https:\/\/e-languages.ca\/wp-content\/uploads\/2023\/09\/person-writing-on-notebook-600x400.jpeg 600w, https:\/\/e-languages.ca\/wp-content\/uploads\/2023\/09\/person-writing-on-notebook-64x43.jpeg 64w, https:\/\/e-languages.ca\/wp-content\/uploads\/2023\/09\/person-writing-on-notebook.jpeg 2048w\" sizes=\"(max-width: 1024px) 100vw, 1024px\" \/><\/a><\/figure>\n<\/div><\/div>\n\n\n\n<div class=\"wp-block-kadence-column kadence-column6151_6be74e-04\"><div class=\"kt-inside-inner-col\">\n<h2 class=\"kt-adv-heading6151_934801-34 wp-block-kadence-advancedheading\" data-kb-block=\"kb-adv-heading6151_934801-34\"><mark style=\"background-color:#d52323\" class=\"has-inline-color has-theme-palette-9-color\">\u00bfQu\u00e9 obtendr\u00e1s luego de los 30 d\u00edas GRATIS?<\/mark><\/h2>\n\n\n\n<h2 class=\"kt-adv-heading6151_440802-83 wp-block-kadence-advancedheading\" data-kb-block=\"kb-adv-heading6151_440802-83\">Despu\u00e9s de aprovechar los 30 d\u00edas iniciales con acceso a nuestras video lecciones, ejercicios autocorregibles, herramientas adicionales y autoaprendizaje, tu viaje hacia la maestr\u00eda del ingl\u00e9s contin\u00faa.<\/h2>\n\n\n\n<h2 class=\"kt-adv-heading6151_b8b385-ea wp-block-kadence-advancedheading\" data-kb-block=\"kb-adv-heading6151_b8b385-ea\">Con E-Languages, ofrecemos un recurso invaluable: asesor\u00edas personalizadas con profesionales canadienses. Estas sesiones te brindar\u00e1n una oportunidad \u00fanica para perfeccionar tus habilidades ling\u00fc\u00edsticas, resolver dudas espec\u00edficas y ganar confianza en tu comunicaci\u00f3n en ingl\u00e9s.<\/h2>\n\n\n\n<h2 class=\"kt-adv-heading6151_69f15a-76 wp-block-kadence-advancedheading\" data-kb-block=\"kb-adv-heading6151_69f15a-76\">Este servicio exclusivo est\u00e1 disponible en nuestra versi\u00f3n de pago, asegurando que tu aprendizaje sea continuo y que alcances tus metas en el idioma de manera efectiva.<\/h2>\n\n\n\n<h2 class=\"kt-adv-heading6151_c528c4-ec wp-block-kadence-advancedheading\" data-kb-block=\"kb-adv-heading6151_c528c4-ec\">En E-Languages, estamos comprometidos a respaldarte en cada paso de tu camino hacia el \u00e9xito en ingl\u00e9s, proporcion\u00e1ndote las herramientas y el apoyo necesarios para transformar tu futuro.<\/h2>\n<\/div><\/div>\n\n\n\n\n\n<div class=\"wp-block-kadence-column kadence-column6151_09c3da-3a\"><div class=\"kt-inside-inner-col\">\n<h2 class=\"kt-adv-heading6151_8d18d4-af wp-block-kadence-advancedheading\" data-kb-block=\"kb-adv-heading6151_8d18d4-af\">Eleva tu futuro y cumple tus metas aprendiendo ingl\u00e9s GRATIS durante 30 d\u00edas<\/h2>\n\n\n\n<div class=\"wp-block-kadence-advancedbtn kb-buttons-wrap kb-btns6151_16a1ab-62\"><\/div>\n<\/div><\/div>\n\n","protected":false},"excerpt":{"rendered":"","protected":false},"author":60,"featured_media":0,"parent":0,"menu_order":0,"comment_status":"closed","ping_status":"closed","template":"","meta":{"footnotes":""},"class_list":["post-6151","page","type-page","status-publish","hentry"],"_links":{"self":[{"href":"https:\/\/e-languages.ca\/en\/wp-json\/wp\/v2\/pages\/6151","targetHints":{"allow":["GET"]}}],"collection":[{"href":"https:\/\/e-languages.ca\/en\/wp-json\/wp\/v2\/pages"}],"about":[{"href":"https:\/\/e-languages.ca\/en\/wp-json\/wp\/v2\/types\/page"}],"author":[{"embeddable":true,"href":"https:\/\/e-languages.ca\/en\/wp-json\/wp\/v2\/users\/60"}],"replies":[{"embeddable":true,"href":"https:\/\/e-languages.ca\/en\/wp-json\/wp\/v2\/comments?post=6151"}],"version-history":[{"count":48,"href":"https:\/\/e-languages.ca\/en\/wp-json\/wp\/v2\/pages\/6151\/revisions"}],"predecessor-version":[{"id":6231,"href":"https:\/\/e-languages.ca\/en\/wp-json\/wp\/v2\/pages\/6151\/revisions\/6231"}],"wp:attachment":[{"href":"https:\/\/e-languages.ca\/en\/wp-json\/wp\/v2\/media?parent=6151"}],"curies":[{"name":"wp","href":"https:\/\/api.w.org\/{rel}","templated":true}]}}