{"id":5114,"date":"2022-08-29T20:52:48","date_gmt":"2022-08-29T20:52:48","guid":{"rendered":"https:\/\/e-languages.ca\/?page_id=5114"},"modified":"2022-10-10T16:01:44","modified_gmt":"2022-10-10T16:01:44","slug":"oral-skills-development","status":"publish","type":"page","link":"https:\/\/e-languages.ca\/es\/oral-skills-development\/","title":{"rendered":"Oral Skills Development"},"content":{"rendered":"<div class=\"wp-block-kadence-rowlayout alignnone\"><div id=\"kt-layout-id_12b6b8-05\" class=\"kt-row-layout-inner kt-row-has-bg kt-layout-id_12b6b8-05\"><div class=\"kt-row-layout-overlay kt-row-overlay-normal\"><\/div><div class=\"kt-row-column-wrap kt-has-1-columns kt-gutter-default kt-v-gutter-default kt-row-valign-top kt-row-layout-equal kt-tab-layout-inherit kt-m-colapse-left-to-right kt-mobile-layout-row\">\n<div class=\"wp-block-kadence-column inner-column-1 kadence-column_2ad88c-ee\"><div class=\"kt-inside-inner-col\">\n<h1 class=\"kt-adv-heading_b5c119-a0 wp-block-kadence-advancedheading\" data-kb-block=\"kb-adv-heading_b5c119-a0\">Oral Skills Development<\/h1>\n\n\n\n<div class=\"wp-block-kadence-spacer aligncenter kt-block-spacer-_1f71ae-5e\"><div class=\"kt-block-spacer kt-block-spacer-halign-left\"><hr class=\"kt-divider\"\/><\/div><\/div>\n\n\n<\/div><\/div>\n<\/div><\/div><\/div>\n\n\n\n<div class=\"wp-block-kadence-rowlayout alignnone\"><div id=\"kt-layout-id_d94a62-9d\" class=\"kt-row-layout-inner kt-row-has-bg kt-layout-id_d94a62-9d\"><div class=\"kt-row-layout-overlay kt-row-overlay-normal\"><\/div><div class=\"kt-row-column-wrap kt-has-2-columns kt-gutter-wider kt-v-gutter-default kt-row-valign-top kt-row-layout-equal kt-tab-layout-row kt-m-colapse-left-to-right kt-mobile-layout-row  kt-custom-first-width-55  kt-custom-second-width-45\">\n<div class=\"wp-block-kadence-column inner-column-1 kadence-column_825f02-84\"><div class=\"kt-inside-inner-col\">\n<h2 class=\"kt-adv-heading_9326de-4e wp-block-kadence-advancedheading has-theme-palette-1-color has-text-color\" data-kb-block=\"kb-adv-heading_9326de-4e\">Speak Now<\/h2>\n\n\n\n<p class=\"kt-adv-heading_7bd5a4-46 wp-block-kadence-advancedheading has-theme-palette-3-color has-text-color\" data-kb-block=\"kb-adv-heading_7bd5a4-46\">El programa Speak Now se centra en el desarrollo de las habilidades auditivas y verbales. Este programa solo se ofrece en los niveles Intermedio y Avanzado. Se espera que los estudiantes interact\u00faen durante estas sesiones. Este programa est\u00e1 organizado en: Hablar, Escuchar estrategias, Correcci\u00f3n de pronunciaci\u00f3n, Desarrollo de vocabulario, verbos compuestos y modismos.<\/p>\n\n\n\n<div class=\"wp-block-kadence-advancedbtn kt-btn-align-left kt-btn-tablet-align-inherit kt-btn-mobile-align-inherit kt-btns-wrap kt-btns_a941d1-70\"><div class=\"kt-btn-wrap kt-btn-wrap-0\"><a class=\"kt-button button kt-btn-0-action kt-btn-size-standard kt-btn-style-basic kt-btn-svg-show-always kt-btn-has-text-true kt-btn-has-svg-false\" href=\"#speak-now\" style=\"border-width:0px\"><span class=\"kt-btn-inner-text\">\u00danete Ahora<\/span><\/a><\/div><\/div>\n<\/div><\/div>\n\n\n\n<div class=\"wp-block-kadence-column inner-column-2 kadence-column_e8c9bc-a7\"><div class=\"kt-inside-inner-col\">\n<figure class=\"wp-block-kadence-image kb-image_5c657a-80 size-full\"><img fetchpriority=\"high\" decoding=\"async\" width=\"900\" height=\"667\" src=\"https:\/\/e-languages.ca\/wp-content\/uploads\/2022\/08\/speak-now-elanguages-image.jpg\" alt=\"\" class=\"kb-img wp-image-5387\" srcset=\"https:\/\/e-languages.ca\/wp-content\/uploads\/2022\/08\/speak-now-elanguages-image.jpg 900w, https:\/\/e-languages.ca\/wp-content\/uploads\/2022\/08\/speak-now-elanguages-image-300x222.jpg 300w, https:\/\/e-languages.ca\/wp-content\/uploads\/2022\/08\/speak-now-elanguages-image-768x569.jpg 768w, https:\/\/e-languages.ca\/wp-content\/uploads\/2022\/08\/speak-now-elanguages-image-600x445.jpg 600w, https:\/\/e-languages.ca\/wp-content\/uploads\/2022\/08\/speak-now-elanguages-image-64x47.jpg 64w\" sizes=\"(max-width: 900px) 100vw, 900px\" \/><\/figure>\n<\/div><\/div>\n<\/div><\/div><\/div>\n\n\n\n<div class=\"wp-block-kadence-rowlayout alignnone\" id=\"speak-now\"><div id=\"kt-layout-id_29202f-c7\" class=\"kt-row-layout-inner kt-row-has-bg kt-layout-id_29202f-c7\"><div class=\"kt-row-layout-overlay kt-row-overlay-normal\"><\/div><div class=\"kt-row-column-wrap kt-has-1-columns kt-gutter-default kt-v-gutter-default kt-row-valign-top kt-row-layout-equal kt-tab-layout-inherit kt-m-colapse-left-to-right kt-mobile-layout-row\">\n<div class=\"wp-block-kadence-column inner-column-1 kadence-column_3e6fe3-67\"><div class=\"kt-inside-inner-col\">\n<h2 class=\"kt-adv-heading_0d1673-60 wp-block-kadence-advancedheading has-theme-palette-3-color has-text-color\" data-kb-block=\"kb-adv-heading_0d1673-60\">Programa Speak Now<\/h2>\n\n\n\n<div class=\"wp-block-kadence-spacer aligncenter kt-block-spacer-_2305f3-19\"><div class=\"kt-block-spacer kt-block-spacer-halign-center kt-block-spacer-malign-left\"><hr class=\"kt-divider\"\/><\/div><\/div>\n\n\n\n<div style=\"height:30px\" aria-hidden=\"true\" class=\"wp-block-spacer\"><\/div>\n\n\n<\/div><\/div>\n<\/div><\/div><\/div>\n\n\n\n<div class=\"wp-block-kadence-rowlayout alignnone inverse-mobile-column\"><div id=\"kt-layout-id_7ade34-38\" class=\"kt-row-layout-inner kt-row-has-bg kt-layout-id_7ade34-38\"><div class=\"kt-row-layout-overlay kt-row-overlay-normal\"><\/div><div class=\"kt-row-column-wrap kt-has-2-columns kt-gutter-wider kt-v-gutter-default kt-row-valign-top kt-row-layout-equal kt-tab-layout-row kt-m-colapse-left-to-right kt-mobile-layout-row  kt-custom-first-width-50  kt-custom-second-width-50\">\n<div class=\"wp-block-kadence-column inner-column-1 kadence-column_b58c65-88\"><div class=\"kt-inside-inner-col\">\n<figure class=\"wp-block-kadence-image kb-image_38d5d5-9f size-full\"><img decoding=\"async\" width=\"900\" height=\"600\" src=\"https:\/\/e-languages.ca\/wp-content\/uploads\/2022\/08\/casual-conversation-elanguages-image.jpg\" alt=\"\" class=\"kb-img wp-image-5386\" srcset=\"https:\/\/e-languages.ca\/wp-content\/uploads\/2022\/08\/casual-conversation-elanguages-image.jpg 900w, https:\/\/e-languages.ca\/wp-content\/uploads\/2022\/08\/casual-conversation-elanguages-image-300x200.jpg 300w, https:\/\/e-languages.ca\/wp-content\/uploads\/2022\/08\/casual-conversation-elanguages-image-768x512.jpg 768w, https:\/\/e-languages.ca\/wp-content\/uploads\/2022\/08\/casual-conversation-elanguages-image-600x400.jpg 600w, https:\/\/e-languages.ca\/wp-content\/uploads\/2022\/08\/casual-conversation-elanguages-image-64x43.jpg 64w\" sizes=\"(max-width: 900px) 100vw, 900px\" \/><\/figure>\n<\/div><\/div>\n\n\n\n<div class=\"wp-block-kadence-column inner-column-2 kadence-column_4dd973-30\"><div class=\"kt-inside-inner-col\">\n<h2 class=\"kt-adv-heading_a8f91d-fa wp-block-kadence-advancedheading has-theme-palette-1-color has-text-color\" data-kb-block=\"kb-adv-heading_a8f91d-fa\">Casual Conversation<\/h2>\n\n\n\n<p class=\"kt-adv-heading_259da9-60 wp-block-kadence-advancedheading has-theme-palette-3-color has-text-color\" data-kb-block=\"kb-adv-heading_259da9-60\">El programa de Club de Conversaci\u00f3n se ofrece a todos los niveles. Es una gran oportunidad para acostumbrarse al nuevo idioma y practicar lo que ha estado aprendiendo.<\/p>\n\n\n\n<div class=\"wp-block-kadence-advancedbtn kt-btn-align-left kt-btn-tablet-align-inherit kt-btn-mobile-align-inherit kt-btns-wrap kt-btns_0983a5-db\"><div class=\"kt-btn-wrap kt-btn-wrap-0\"><a class=\"kt-button button kt-btn-0-action kt-btn-size-standard kt-btn-style-basic kt-btn-svg-show-always kt-btn-has-text-true kt-btn-has-svg-false\" href=\"#casual-conversation\" style=\"border-width:0px\"><span class=\"kt-btn-inner-text\">\u00danete Ahora<\/span><\/a><\/div><\/div>\n<\/div><\/div>\n<\/div><\/div><\/div>\n\n\n\n<div class=\"wp-block-kadence-rowlayout alignnone\" id=\"casual-conversation\"><div id=\"kt-layout-id_72f8bd-56\" class=\"kt-row-layout-inner kt-row-has-bg kt-layout-id_72f8bd-56\"><div class=\"kt-row-layout-overlay kt-row-overlay-normal\"><\/div><div class=\"kt-row-column-wrap kt-has-1-columns kt-gutter-default kt-v-gutter-default kt-row-valign-top kt-row-layout-equal kt-tab-layout-inherit kt-m-colapse-left-to-right kt-mobile-layout-row\">\n<div class=\"wp-block-kadence-column inner-column-1 kadence-column_ea025b-ee\"><div class=\"kt-inside-inner-col\">\n<h2 class=\"kt-adv-heading_d73fc6-d6 wp-block-kadence-advancedheading has-theme-palette-3-color has-text-color\" data-kb-block=\"kb-adv-heading_d73fc6-d6\">Programa Casual Conversation<\/h2>\n\n\n\n<div class=\"wp-block-kadence-spacer aligncenter kt-block-spacer-_ef7a18-53\"><div class=\"kt-block-spacer kt-block-spacer-halign-center kt-block-spacer-malign-left\"><hr class=\"kt-divider\"\/><\/div><\/div>\n\n\n\n<div style=\"height:30px\" aria-hidden=\"true\" class=\"wp-block-spacer\"><\/div>\n\n\n<\/div><\/div>\n<\/div><\/div><\/div>","protected":false},"excerpt":{"rendered":"","protected":false},"author":60,"featured_media":0,"parent":0,"menu_order":0,"comment_status":"closed","ping_status":"closed","template":"","meta":{"footnotes":""},"class_list":["post-5114","page","type-page","status-publish","hentry"],"_links":{"self":[{"href":"https:\/\/e-languages.ca\/es\/wp-json\/wp\/v2\/pages\/5114","targetHints":{"allow":["GET"]}}],"collection":[{"href":"https:\/\/e-languages.ca\/es\/wp-json\/wp\/v2\/pages"}],"about":[{"href":"https:\/\/e-languages.ca\/es\/wp-json\/wp\/v2\/types\/page"}],"author":[{"embeddable":true,"href":"https:\/\/e-languages.ca\/es\/wp-json\/wp\/v2\/users\/60"}],"replies":[{"embeddable":true,"href":"https:\/\/e-languages.ca\/es\/wp-json\/wp\/v2\/comments?post=5114"}],"version-history":[{"count":14,"href":"https:\/\/e-languages.ca\/es\/wp-json\/wp\/v2\/pages\/5114\/revisions"}],"predecessor-version":[{"id":6096,"href":"https:\/\/e-languages.ca\/es\/wp-json\/wp\/v2\/pages\/5114\/revisions\/6096"}],"wp:attachment":[{"href":"https:\/\/e-languages.ca\/es\/wp-json\/wp\/v2\/media?parent=5114"}],"curies":[{"name":"wp","href":"https:\/\/api.w.org\/{rel}","templated":true}]}}