{"id":5118,"date":"2022-08-29T20:59:34","date_gmt":"2022-08-29T20:59:34","guid":{"rendered":"https:\/\/e-languages.ca\/?page_id=5118"},"modified":"2022-10-10T16:07:17","modified_gmt":"2022-10-10T16:07:17","slug":"speak-now","status":"publish","type":"page","link":"https:\/\/e-languages.ca\/es\/speak-now\/","title":{"rendered":"Speak Now"},"content":{"rendered":"<div class=\"wp-block-kadence-rowlayout alignnone\"><div id=\"kt-layout-id_32c31d-c3\" class=\"kt-row-layout-inner kt-row-has-bg kt-layout-id_32c31d-c3\"><div class=\"kt-row-layout-overlay kt-row-overlay-normal\"><\/div><div class=\"kt-row-column-wrap kt-has-1-columns kt-gutter-default kt-v-gutter-default kt-row-valign-top kt-row-layout-equal kt-tab-layout-inherit kt-m-colapse-left-to-right kt-mobile-layout-row\">\n<div class=\"wp-block-kadence-column inner-column-1 kadence-column_2ad88c-ee\"><div class=\"kt-inside-inner-col\">\n<h1 class=\"kt-adv-heading_38ed0d-03 wp-block-kadence-advancedheading\" data-kb-block=\"kb-adv-heading_38ed0d-03\">Speak Now<\/h1>\n\n\n\n<div class=\"wp-block-kadence-spacer aligncenter kt-block-spacer-_fc1755-fd\"><div class=\"kt-block-spacer kt-block-spacer-halign-left\"><hr class=\"kt-divider\"\/><\/div><\/div>\n\n\n<\/div><\/div>\n<\/div><\/div><\/div>\n\n\n\n<div class=\"wp-block-kadence-rowlayout alignnone\"><div id=\"kt-layout-id_ba780b-4f\" class=\"kt-row-layout-inner kt-row-has-bg kt-layout-id_ba780b-4f\"><div class=\"kt-row-layout-overlay kt-row-overlay-normal\"><\/div><div class=\"kt-row-column-wrap kt-has-2-columns kt-gutter-wider kt-v-gutter-default kt-row-valign-top kt-row-layout-equal kt-tab-layout-row kt-m-colapse-left-to-right kt-mobile-layout-row  kt-custom-first-width-55  kt-custom-second-width-45\">\n<div class=\"wp-block-kadence-column inner-column-1 kadence-column_825f02-84\"><div class=\"kt-inside-inner-col\">\n<h2 class=\"kt-adv-heading_81b8fe-41 wp-block-kadence-advancedheading has-theme-palette-1-color has-text-color\" data-kb-block=\"kb-adv-heading_81b8fe-41\">Speak Now<\/h2>\n\n\n\n<p class=\"kt-adv-heading_862d39-fb wp-block-kadence-advancedheading has-theme-palette-3-color has-text-color\" data-kb-block=\"kb-adv-heading_862d39-fb\">El programa Speak Now se centra en el desarrollo de las habilidades auditivas y verbales. Este programa solo se ofrece en los niveles Intermedio y Avanzado. Se espera que los estudiantes interact\u00faen durante estas sesiones. Este programa est\u00e1 organizado en: Hablar, Escuchar estrategias, Correcci\u00f3n de pronunciaci\u00f3n, Desarrollo de vocabulario, verbos compuestos y modismos.<\/p>\n\n\n\n<div class=\"wp-block-kadence-advancedbtn kt-btn-align-left kt-btn-tablet-align-inherit kt-btn-mobile-align-inherit kt-btns-wrap kt-btns_987cf3-37\"><div class=\"kt-btn-wrap kt-btn-wrap-0\"><a class=\"kt-button button kt-btn-0-action kt-btn-size-standard kt-btn-style-basic kt-btn-svg-show-always kt-btn-has-text-true kt-btn-has-svg-false\" href=\"#speak-now\" style=\"border-width:0px\"><span class=\"kt-btn-inner-text\">\u00danete Ahora<\/span><\/a><\/div><\/div>\n<\/div><\/div>\n\n\n\n<div class=\"wp-block-kadence-column inner-column-2 kadence-column_e8c9bc-a7\"><div class=\"kt-inside-inner-col\">\n<figure class=\"wp-block-kadence-image kb-image_82765b-98 size-full\"><img fetchpriority=\"high\" decoding=\"async\" width=\"900\" height=\"667\" src=\"https:\/\/e-languages.ca\/wp-content\/uploads\/2022\/08\/speak-now-elanguages-image.jpg\" alt=\"\" class=\"kb-img wp-image-5387\" srcset=\"https:\/\/e-languages.ca\/wp-content\/uploads\/2022\/08\/speak-now-elanguages-image.jpg 900w, https:\/\/e-languages.ca\/wp-content\/uploads\/2022\/08\/speak-now-elanguages-image-300x222.jpg 300w, https:\/\/e-languages.ca\/wp-content\/uploads\/2022\/08\/speak-now-elanguages-image-768x569.jpg 768w, https:\/\/e-languages.ca\/wp-content\/uploads\/2022\/08\/speak-now-elanguages-image-600x445.jpg 600w, https:\/\/e-languages.ca\/wp-content\/uploads\/2022\/08\/speak-now-elanguages-image-64x47.jpg 64w\" sizes=\"(max-width: 900px) 100vw, 900px\" \/><\/figure>\n<\/div><\/div>\n<\/div><\/div><\/div>\n\n\n\n<div class=\"wp-block-kadence-rowlayout alignnone\" id=\"speak-now\"><div id=\"kt-layout-id_f3a45a-58\" class=\"kt-row-layout-inner kt-row-has-bg kt-layout-id_f3a45a-58\"><div class=\"kt-row-layout-overlay kt-row-overlay-normal\"><\/div><div class=\"kt-row-column-wrap kt-has-1-columns kt-gutter-default kt-v-gutter-default kt-row-valign-top kt-row-layout-equal kt-tab-layout-inherit kt-m-colapse-left-to-right kt-mobile-layout-row\">\n<div class=\"wp-block-kadence-column inner-column-1 kadence-column_d2fab5-e1\"><div class=\"kt-inside-inner-col\">\n<h2 class=\"kt-adv-heading_5f1ef7-d8 wp-block-kadence-advancedheading has-theme-palette-3-color has-text-color\" data-kb-block=\"kb-adv-heading_5f1ef7-d8\">Speak Now<\/h2>\n\n\n\n<div class=\"wp-block-kadence-spacer aligncenter kt-block-spacer-_8a32a5-8f\"><div class=\"kt-block-spacer kt-block-spacer-halign-center kt-block-spacer-malign-left\"><hr class=\"kt-divider\"\/><\/div><\/div>\n\n\n\n<div style=\"height:30px\" aria-hidden=\"true\" class=\"wp-block-spacer\"><\/div>\n\n\n<\/div><\/div>\n<\/div><\/div><\/div>","protected":false},"excerpt":{"rendered":"","protected":false},"author":60,"featured_media":0,"parent":0,"menu_order":0,"comment_status":"closed","ping_status":"closed","template":"","meta":{"footnotes":""},"class_list":["post-5118","page","type-page","status-publish","hentry"],"_links":{"self":[{"href":"https:\/\/e-languages.ca\/es\/wp-json\/wp\/v2\/pages\/5118","targetHints":{"allow":["GET"]}}],"collection":[{"href":"https:\/\/e-languages.ca\/es\/wp-json\/wp\/v2\/pages"}],"about":[{"href":"https:\/\/e-languages.ca\/es\/wp-json\/wp\/v2\/types\/page"}],"author":[{"embeddable":true,"href":"https:\/\/e-languages.ca\/es\/wp-json\/wp\/v2\/users\/60"}],"replies":[{"embeddable":true,"href":"https:\/\/e-languages.ca\/es\/wp-json\/wp\/v2\/comments?post=5118"}],"version-history":[{"count":10,"href":"https:\/\/e-languages.ca\/es\/wp-json\/wp\/v2\/pages\/5118\/revisions"}],"predecessor-version":[{"id":6097,"href":"https:\/\/e-languages.ca\/es\/wp-json\/wp\/v2\/pages\/5118\/revisions\/6097"}],"wp:attachment":[{"href":"https:\/\/e-languages.ca\/es\/wp-json\/wp\/v2\/media?parent=5118"}],"curies":[{"name":"wp","href":"https:\/\/api.w.org\/{rel}","templated":true}]}}