{"id":5125,"date":"2022-08-29T21:38:59","date_gmt":"2022-08-29T21:38:59","guid":{"rendered":"https:\/\/e-languages.ca\/?page_id=5125"},"modified":"2022-10-10T15:56:59","modified_gmt":"2022-10-10T15:56:59","slug":"interactive-e-lan","status":"publish","type":"page","link":"https:\/\/e-languages.ca\/es\/interactive-e-lan\/","title":{"rendered":"Interactive E-Lan"},"content":{"rendered":"<div class=\"wp-block-kadence-rowlayout alignnone\"><div id=\"kt-layout-id_15ba29-07\" class=\"kt-row-layout-inner kt-row-has-bg kt-layout-id_15ba29-07\"><div class=\"kt-row-layout-overlay kt-row-overlay-normal\"><\/div><div class=\"kt-row-column-wrap kt-has-1-columns kt-gutter-default kt-v-gutter-default kt-row-valign-top kt-row-layout-equal kt-tab-layout-inherit kt-m-colapse-left-to-right kt-mobile-layout-row\">\n<div class=\"wp-block-kadence-column inner-column-1 kadence-column_2ad88c-ee\"><div class=\"kt-inside-inner-col\">\n<h1 class=\"kt-adv-heading_b53d59-73 wp-block-kadence-advancedheading\" data-kb-block=\"kb-adv-heading_b53d59-73\">Interactive E-Lan<\/h1>\n\n\n\n<div class=\"wp-block-kadence-spacer aligncenter kt-block-spacer-_164cc4-8a\"><div class=\"kt-block-spacer kt-block-spacer-halign-left\"><hr class=\"kt-divider\"\/><\/div><\/div>\n\n\n<\/div><\/div>\n<\/div><\/div><\/div>\n\n\n\n<div class=\"wp-block-kadence-rowlayout alignnone\"><div id=\"kt-layout-id_a27270-bf\" class=\"kt-row-layout-inner kt-row-has-bg kt-layout-id_a27270-bf\"><div class=\"kt-row-layout-overlay kt-row-overlay-normal\"><\/div><div class=\"kt-row-column-wrap kt-has-2-columns kt-gutter-wider kt-v-gutter-default kt-row-valign-top kt-row-layout-equal kt-tab-layout-inherit kt-m-colapse-left-to-right kt-mobile-layout-row  kt-custom-first-width-55  kt-custom-second-width-45\">\n<div class=\"wp-block-kadence-column inner-column-1 kadence-column_825f02-84\"><div class=\"kt-inside-inner-col\">\n<h2 class=\"kt-adv-heading_18c5b0-9e wp-block-kadence-advancedheading has-theme-palette-1-color has-text-color\" data-kb-block=\"kb-adv-heading_18c5b0-9e\">Interactive E-lan<\/h2>\n\n\n\n<p class=\"kt-adv-heading_5d354b-e5 wp-block-kadence-advancedheading has-theme-palette-3-color has-text-color\" data-kb-block=\"kb-adv-heading_5d354b-e5\">Este es nuestro programa estrella. Est\u00e1 organizado en ocho niveles: tres principiantes, tres intermedios y dos avanzados. Nuestro \u00faltimo nivel se llama English Proficiency. Hemos firmado un acuerdo con una organizaci\u00f3n postsecundaria que validar\u00e1 nuestro programa. Por lo tanto, al finalizar el octavo nivel, recibir\u00e1 una Certificaci\u00f3n de finalizaci\u00f3n del Northern Lights College en la Columbia Brit\u00e1nica.<\/p>\n\n\n\n<p class=\"kt-adv-heading_6a1eb0-e6 wp-block-kadence-advancedheading has-theme-palette-3-color has-text-color\" data-kb-block=\"kb-adv-heading_6a1eb0-e6\">Cada nivel est\u00e1 organizado en 12 semanas con clases en vivo en l\u00ednea todos los d\u00edas. Tambi\u00e9n deber\u00e1 completar los ejercicios que se ofrecen en el Sistema de gesti\u00f3n de aprendizaje e intentar usar la aplicaci\u00f3n con la mayor frecuencia posible. Al final de cada nivel, deber\u00e1 realizar una prueba de nivel final y obtener una calificaci\u00f3n de 80 puntos para pasar al siguiente nivel.<\/p>\n\n\n\n<p class=\"kt-adv-heading_8f3030-67 wp-block-kadence-advancedheading has-theme-palette-3-color has-text-color\" data-kb-block=\"kb-adv-heading_8f3030-67\">Obtener el Certificado de finalizaci\u00f3n de Northern Lights College le dar\u00e1 acceso directo a la mayor\u00eda de los programas universitarios directamente sin una evaluaci\u00f3n del idioma.<\/p>\n<\/div><\/div>\n\n\n\n<div class=\"wp-block-kadence-column inner-column-2 kadence-column_e8c9bc-a7\"><div class=\"kt-inside-inner-col\">\n<figure class=\"wp-block-kadence-image kb-image_9a4630-07 size-full\"><img fetchpriority=\"high\" decoding=\"async\" width=\"936\" height=\"624\" src=\"https:\/\/e-languages.ca\/wp-content\/uploads\/2022\/08\/interactive-elan-image.jpg\" alt=\"\" class=\"kb-img wp-image-5378\" srcset=\"https:\/\/e-languages.ca\/wp-content\/uploads\/2022\/08\/interactive-elan-image.jpg 936w, https:\/\/e-languages.ca\/wp-content\/uploads\/2022\/08\/interactive-elan-image-300x200.jpg 300w, https:\/\/e-languages.ca\/wp-content\/uploads\/2022\/08\/interactive-elan-image-768x512.jpg 768w, https:\/\/e-languages.ca\/wp-content\/uploads\/2022\/08\/interactive-elan-image-600x400.jpg 600w, https:\/\/e-languages.ca\/wp-content\/uploads\/2022\/08\/interactive-elan-image-64x43.jpg 64w\" sizes=\"(max-width: 936px) 100vw, 936px\" \/><\/figure>\n<\/div><\/div>\n<\/div><\/div><\/div>\n\n\n\n<div class=\"wp-block-kadence-rowlayout alignnone\"><div id=\"kt-layout-id_adcdd9-cf\" class=\"kt-row-layout-inner kt-row-has-bg kt-layout-id_adcdd9-cf\"><div class=\"kt-row-layout-overlay kt-row-overlay-normal\"><\/div><div class=\"kt-row-column-wrap kt-has-1-columns kt-gutter-default kt-v-gutter-default kt-row-valign-top kt-row-layout-equal kt-tab-layout-inherit kt-m-colapse-left-to-right kt-mobile-layout-row\">\n<div class=\"wp-block-kadence-column inner-column-1 kadence-column_7f2ddb-02\"><div class=\"kt-inside-inner-col\">\n<h2 class=\"kt-adv-heading_188234-16 wp-block-kadence-advancedheading has-theme-palette-3-color has-text-color\" data-kb-block=\"kb-adv-heading_188234-16\">Interactive E-Lan Principiante<\/h2>\n\n\n\n<div class=\"wp-block-kadence-spacer aligncenter kt-block-spacer-_414500-85\"><div class=\"kt-block-spacer kt-block-spacer-halign-center kt-block-spacer-malign-left\"><hr class=\"kt-divider\"\/><\/div><\/div>\n\n\n\n<div style=\"height:30px\" aria-hidden=\"true\" class=\"wp-block-spacer\"><\/div>\n\n\n<\/div><\/div>\n<\/div><\/div><\/div>\n\n\n\n<div class=\"wp-block-kadence-rowlayout alignnone\"><div id=\"kt-layout-id_7482fa-2f\" class=\"kt-row-layout-inner kt-row-has-bg kt-layout-id_7482fa-2f\"><div class=\"kt-row-layout-overlay kt-row-overlay-normal\"><\/div><div class=\"kt-row-column-wrap kt-has-1-columns kt-gutter-default kt-v-gutter-default kt-row-valign-top kt-row-layout-equal kt-tab-layout-inherit kt-m-colapse-left-to-right kt-mobile-layout-row\">\n<div class=\"wp-block-kadence-column inner-column-1 kadence-column_62a7cf-38\"><div class=\"kt-inside-inner-col\">\n<h2 class=\"kt-adv-heading_81204f-8d wp-block-kadence-advancedheading has-theme-palette-3-color has-text-color\" data-kb-block=\"kb-adv-heading_81204f-8d\">Interactive E-Lan Intermedio<\/h2>\n\n\n\n<div class=\"wp-block-kadence-spacer aligncenter kt-block-spacer-_c08a58-66\"><div class=\"kt-block-spacer kt-block-spacer-halign-center kt-block-spacer-malign-left\"><hr class=\"kt-divider\"\/><\/div><\/div>\n\n\n\n<div style=\"height:30px\" aria-hidden=\"true\" class=\"wp-block-spacer\"><\/div>\n\n\n<\/div><\/div>\n<\/div><\/div><\/div>\n\n\n\n<div class=\"wp-block-kadence-rowlayout alignnone\"><div id=\"kt-layout-id_e1151a-c6\" class=\"kt-row-layout-inner kt-row-has-bg kt-layout-id_e1151a-c6\"><div class=\"kt-row-layout-overlay kt-row-overlay-normal\"><\/div><div class=\"kt-row-column-wrap kt-has-1-columns kt-gutter-default kt-v-gutter-default kt-row-valign-top kt-row-layout-equal kt-tab-layout-inherit kt-m-colapse-left-to-right kt-mobile-layout-row\">\n<div class=\"wp-block-kadence-column inner-column-1 kadence-column_cb2949-f7\"><div class=\"kt-inside-inner-col\">\n<h2 class=\"kt-adv-heading_9cf528-70 wp-block-kadence-advancedheading has-theme-palette-3-color has-text-color\" data-kb-block=\"kb-adv-heading_9cf528-70\">Interactive E-Lan Avanzado<\/h2>\n\n\n\n<div class=\"wp-block-kadence-spacer aligncenter kt-block-spacer-_73e623-32\"><div class=\"kt-block-spacer kt-block-spacer-halign-center kt-block-spacer-malign-left\"><hr class=\"kt-divider\"\/><\/div><\/div>\n\n\n\n<div style=\"height:30px\" aria-hidden=\"true\" class=\"wp-block-spacer\"><\/div>\n\n\n<\/div><\/div>\n<\/div><\/div><\/div>\n\n\n\n<div class=\"wp-block-kadence-rowlayout alignnone\"><div id=\"kt-layout-id_33624f-25\" class=\"kt-row-layout-inner kt-row-has-bg kt-layout-id_33624f-25 kt-jarallax\"><div class=\"kt-row-layout-overlay kt-row-overlay-normal\"><\/div><div class=\"kt-row-column-wrap kt-has-1-columns kt-gutter-default kt-v-gutter-default kt-row-valign-top kt-row-layout-equal kt-tab-layout-inherit kt-m-colapse-left-to-right kt-mobile-layout-row\">\n<div class=\"wp-block-kadence-column inner-column-1 kadence-column_b0d2a1-36\"><div class=\"kt-inside-inner-col\"><\/div><\/div>\n<\/div><\/div><\/div>\n\n\n\n<div class=\"wp-block-kadence-rowlayout alignnone\"><div id=\"kt-layout-id_150c76-bf\" class=\"kt-row-layout-inner kt-row-has-bg kt-layout-id_150c76-bf\"><div class=\"kt-row-layout-overlay kt-row-overlay-normal\"><\/div><div class=\"kt-row-column-wrap kt-has-1-columns kt-gutter-default kt-v-gutter-default kt-row-valign-top kt-row-layout-equal kt-tab-layout-inherit kt-m-colapse-left-to-right kt-mobile-layout-row\">\n<div class=\"wp-block-kadence-column inner-column-1 kadence-column_890fef-65\"><div class=\"kt-inside-inner-col\">\n<h2 class=\"kt-adv-heading_12594d-8e wp-block-kadence-advancedheading has-theme-palette-3-color has-text-color\" data-kb-block=\"kb-adv-heading_12594d-8e\">Program Organization<\/h2>\n\n\n\n<div class=\"wp-block-kadence-spacer aligncenter kt-block-spacer-_425b26-3d\"><div class=\"kt-block-spacer kt-block-spacer-halign-center kt-block-spacer-malign-left\"><hr class=\"kt-divider\"\/><\/div><\/div>\n\n\n\n<div style=\"height:50px\" aria-hidden=\"true\" class=\"wp-block-spacer\"><\/div>\n\n\n\n<figure class=\"wp-block-table\"><table><tbody><tr><td>Interactive E-Lan<\/td><td>CEFR                                        <\/td><td>Cambridge Levels<\/td><td>Online live classes per month<\/td><td>Total of Weeks<\/td><td>Total Hours per Level<\/td><td>Maximum of Students<\/td><\/tr><tr><td>Level 1<\/td><td>A1<\/td><td>KET (Key English Test)<\/td><td>20<\/td><td>12<\/td><td>120<\/td><td>12<\/td><\/tr><tr><td>Level 2<\/td><td>A1 \/ A2<\/td><td>KET (Key English Test)<\/td><td>20<\/td><td>12<\/td><td>120 &#8211; 160<\/td><td>12<\/td><\/tr><tr><td>Level 3<\/td><td>A2 +<\/td><td>PET (Key English Test)<\/td><td>20<\/td><td>12<\/td><td>120<\/td><td>12<\/td><\/tr><tr><td>Level 4<\/td><td>B1<\/td><td>PET (Key English Test)<\/td><td>20<\/td><td>12<\/td><td>120<\/td><td>10<\/td><\/tr><tr><td>Level 5<\/td><td>B1+ \/ B2<\/td><td>FCE (First Certificate in English)<\/td><td>20<\/td><td>12<\/td><td>120 &#8211; 160<\/td><td>10<\/td><\/tr><tr><td>Level 6<\/td><td>B2 +<\/td><td>CAE (Certificate in Advanced English)<\/td><td>20<\/td><td>12<\/td><td>120<\/td><td>10<\/td><\/tr><tr><td>Level 7<\/td><td>C1<\/td><td>CAE (Certificate in Advanced English)<\/td><td>20<\/td><td>12<\/td><td>120<\/td><td>10<\/td><\/tr><tr><td>Level 8 &#8211; English Proficiency<\/td><td>C1 \/ C2<\/td><td>CAE (Certificate in Advanced Enlish)<\/td><td>20<\/td><td>12<\/td><td>120<\/td><td>10<\/td><\/tr><\/tbody><\/table><\/figure>\n\n\n\n<p class=\"kt-adv-heading_9e26bd-00 wp-block-kadence-advancedheading has-theme-palette-3-color has-text-color\" data-kb-block=\"kb-adv-heading_9e26bd-00\">*Al final del nivel 8 y si obtienes una nota m\u00ednima de 80. emitiremos un Certificado de Finalizaci\u00f3n de nuestro socio el Northern Light College de British Columbia, Canad\u00e1 y otro de E-Languages Canada. <strong>Certificate of Completion from<\/strong> our partner <strong>the Northern Light College<\/strong> from British Columbia, Canada and another one from E-Languages Canada.<\/p>\n\n\n\n<p class=\"kt-adv-heading_5daf78-e4 wp-block-kadence-advancedheading has-theme-palette-3-color has-text-color\" data-kb-block=\"kb-adv-heading_5daf78-e4\">El nivel 8 incluye dos semanas completas del programa Speak Now. <strong>Speak Now<\/strong> Program.<\/p>\n<\/div><\/div>\n<\/div><\/div><\/div>","protected":false},"excerpt":{"rendered":"","protected":false},"author":60,"featured_media":0,"parent":0,"menu_order":0,"comment_status":"closed","ping_status":"closed","template":"","meta":{"footnotes":""},"class_list":["post-5125","page","type-page","status-publish","hentry"],"_links":{"self":[{"href":"https:\/\/e-languages.ca\/es\/wp-json\/wp\/v2\/pages\/5125","targetHints":{"allow":["GET"]}}],"collection":[{"href":"https:\/\/e-languages.ca\/es\/wp-json\/wp\/v2\/pages"}],"about":[{"href":"https:\/\/e-languages.ca\/es\/wp-json\/wp\/v2\/types\/page"}],"author":[{"embeddable":true,"href":"https:\/\/e-languages.ca\/es\/wp-json\/wp\/v2\/users\/60"}],"replies":[{"embeddable":true,"href":"https:\/\/e-languages.ca\/es\/wp-json\/wp\/v2\/comments?post=5125"}],"version-history":[{"count":25,"href":"https:\/\/e-languages.ca\/es\/wp-json\/wp\/v2\/pages\/5125\/revisions"}],"predecessor-version":[{"id":6094,"href":"https:\/\/e-languages.ca\/es\/wp-json\/wp\/v2\/pages\/5125\/revisions\/6094"}],"wp:attachment":[{"href":"https:\/\/e-languages.ca\/es\/wp-json\/wp\/v2\/media?parent=5125"}],"curies":[{"name":"wp","href":"https:\/\/api.w.org\/{rel}","templated":true}]}}