{"id":5143,"date":"2022-08-29T22:42:06","date_gmt":"2022-08-29T22:42:06","guid":{"rendered":"https:\/\/e-languages.ca\/?page_id=5143"},"modified":"2022-09-08T17:32:17","modified_gmt":"2022-09-08T17:32:17","slug":"confidentiality-notice","status":"publish","type":"page","link":"https:\/\/e-languages.ca\/es\/confidentiality-notice\/","title":{"rendered":"Aviso De Confidencialidad"},"content":{"rendered":"<h1 class=\"wp-block-heading\">AVISO DE CONFIDENCIALIDAD<\/h1>\n\n\n\n<p>Este mensaje va dirigido exclusivamente a su destinatario, en caso de haber recibido este mensaje por error, puede comunic\u00e1rnoslo mediante el correo electr\u00f3nico remitido a nuestra atenci\u00f3n y procederemos a revisar el motivo del error.<\/p>\n\n\n\n<p>Asimismo, el email puede contener documentos y\/o informaci\u00f3n confidencial propia o de terceros por lo que rogamos que se proceda a su eliminaci\u00f3n, tanto del email como de los documentos adjuntos para as\u00ed prevenir mayores fugas de informaci\u00f3n confidencial.<\/p>\n\n\n\n<p>En cumplimiento del Reglamento (UE) 2016\/679 del Parlamento Europeo y del Consejo, de 27 de abril de 2016, puede ejercer los derechos de acceso, rectificaci\u00f3n, cancelaci\u00f3n y oposici\u00f3n (derechos ARCO) a trav\u00e9s de: https:\/\/e-languages.ca\/<\/p>\n\n\n\n<p>El Aviso de Confidencialidad ha sido creado mediante el generador de textos legales online el d\u00eda 29\/08\/2022. <a href=\"https:\/\/textos-legales.edgartamarit.com\/\">legal text generator on 08\/29\/2022.<\/a><\/p>","protected":false},"excerpt":{"rendered":"<p>CONFIDENTIALITY NOTICE This message is addressed exclusively to its addressee, in case you have received this message by mistake, you can communicate it to us by means of the email sent to our attention and we will proceed to review the reason for the error. Also, the email may contain documents and \/ or confidential [&hellip;]<\/p>\n","protected":false},"author":60,"featured_media":0,"parent":0,"menu_order":0,"comment_status":"closed","ping_status":"closed","template":"","meta":{"footnotes":""},"class_list":["post-5143","page","type-page","status-publish","hentry"],"_links":{"self":[{"href":"https:\/\/e-languages.ca\/es\/wp-json\/wp\/v2\/pages\/5143","targetHints":{"allow":["GET"]}}],"collection":[{"href":"https:\/\/e-languages.ca\/es\/wp-json\/wp\/v2\/pages"}],"about":[{"href":"https:\/\/e-languages.ca\/es\/wp-json\/wp\/v2\/types\/page"}],"author":[{"embeddable":true,"href":"https:\/\/e-languages.ca\/es\/wp-json\/wp\/v2\/users\/60"}],"replies":[{"embeddable":true,"href":"https:\/\/e-languages.ca\/es\/wp-json\/wp\/v2\/comments?post=5143"}],"version-history":[{"count":3,"href":"https:\/\/e-languages.ca\/es\/wp-json\/wp\/v2\/pages\/5143\/revisions"}],"predecessor-version":[{"id":5786,"href":"https:\/\/e-languages.ca\/es\/wp-json\/wp\/v2\/pages\/5143\/revisions\/5786"}],"wp:attachment":[{"href":"https:\/\/e-languages.ca\/es\/wp-json\/wp\/v2\/media?parent=5143"}],"curies":[{"name":"wp","href":"https:\/\/api.w.org\/{rel}","templated":true}]}}